{"id":5601,"date":"2021-03-09T15:15:02","date_gmt":"2021-03-09T13:15:02","guid":{"rendered":"http:\/\/co-matters.de\/?page_id=5601"},"modified":"2025-07-22T14:40:13","modified_gmt":"2025-07-22T12:40:13","slug":"impressum","status":"publish","type":"page","link":"http:\/\/co-matters.de\/en\/impressum\/","title":{"rendered":"Imprint"},"content":{"rendered":"<div class=\"vc-row-container container\"><div class=\"vc_row wpb_row vc_row-fluid vc_custom_1615151875608\"><div class=\"wpb_column vc_column_container vc_col-sm-12\"><div class=\"vc_column-inner\"><div class=\"wpb_wrapper\">\n\t<div class=\"wpb_text_column wpb_content_element  post-formatting\" >\n\t\t<div class=\"wpb_wrapper\">\n\t\t\t<h1 class=\"ce_headline\" style=\"text-align: center;\">Imprint<\/h1>\n\n\t\t<\/div>\n\t<\/div>\n\n\t<div class=\"wpb_text_column wpb_content_element  vc_custom_1615152437951 post-formatting\" >\n\t\t<div class=\"wpb_wrapper\">\n\t\t\t<p><span style=\"color: #707070;\">Responsible for this website:<\/span><br \/>\n<span style=\"color: #707070;\">Bettina Schnabel <\/span><\/p>\n<p><span style=\"color: #707070;\">Address: <\/span><br \/>\n<span style=\"color: #707070;\">Sch\u00f6nfeldstrasse 17 <\/span><br \/>\n<span style=\"color: #707070;\">80539 Munich <\/span><\/p>\n<p><span style=\"color: #707070;\">Tel. +49 (0) 89 - 125 014 914<br>\nEmail: hallo@co-matters.de<\/span><br \/>\n<span style=\"color: #707070;\"> E-Mail: hallo@co-matters.de <\/span><\/p>\n<p><span style=\"color: #707070;\">VAT identification number: DE288732047 <\/span><\/p>\n<p><span style=\"color: #707070;\">No guarantee for correctness and completeness can be given for the information provided on this website. This applies especially to the links listed, for the content of which I cannot accept any responsibility. In particular, the information offered here does not constitute binding advice. All thoughts and ideas listed here are the intellectual property of Bettina Schnabel and may only be used or reproduced with the prior consent of the owners. When contacting me by e-mail, please note that due to the technical framework on the Internet, confidentiality cannot be guaranteed for these messages. E-mails can generally be changed or lost by third parties.<\/span><\/p>\n\n\t\t<\/div>\n\t<\/div>\n<\/div><\/div><\/div><\/div><\/div>","protected":false},"excerpt":{"rendered":"Impressum Verantwortlich f\u00fcr diese Website: Bettina Schnabel Adresse: Sch\u00f6nfeldstrasse 17 80539 M\u00fcnchen Tel. +49 (0) 89 - 125 014 914 E-Mail: hallo@co-matters.de USt.-Identit\u00e4tsnummer: DE288732047 F\u00fcr die auf dieser Website gegebenen Informationen kann keine Gew\u00e4hr f\u00fcr Richtigkeit und Vollst\u00e4ndigkeit gegeben werden. Dies gilt insbesondere f\u00fcr die aufgef\u00fchrten Links, f\u00fcr deren Inhalte&hellip;","protected":false},"author":7,"featured_media":0,"parent":0,"menu_order":0,"comment_status":"closed","ping_status":"closed","template":"","meta":{"_acf_changed":false,"footnotes":""},"class_list":["post-5601","page","type-page","status-publish","hentry"],"acf":[],"yoast_head":"<!-- This site is optimized with the Yoast SEO plugin v27.4 - https:\/\/yoast.com\/product\/yoast-seo-wordpress\/ -->\n<title>Impressum: Co-Matters - Beratung, Impulse, Entwicklung<\/title>\n<meta name=\"description\" content=\"Personal - Organisationsentwicklung - Ma\u00dfgeschneidert - Unkonventionell - Nachhaltig Innovativ - Work - Life\" \/>\n<meta name=\"robots\" content=\"index, follow, max-snippet:-1, max-image-preview:large, max-video-preview:-1\" \/>\n<link rel=\"canonical\" href=\"https:\/\/co-matters.de\/en\/impressum\/\" \/>\n<meta property=\"og:locale\" content=\"en_US\" \/>\n<meta property=\"og:type\" content=\"article\" \/>\n<meta property=\"og:title\" content=\"Impressum: Co-Matters - Beratung, Impulse, Entwicklung\" \/>\n<meta property=\"og:description\" content=\"Personal - Organisationsentwicklung - Ma\u00dfgeschneidert - Unkonventionell - Nachhaltig Innovativ - Work - Life\" \/>\n<meta property=\"og:url\" content=\"https:\/\/co-matters.de\/en\/impressum\/\" \/>\n<meta property=\"og:site_name\" content=\"Co-Matters\" \/>\n<meta property=\"article:modified_time\" content=\"2025-07-22T12:40:13+00:00\" \/>\n<meta name=\"twitter:card\" content=\"summary_large_image\" \/>\n<meta name=\"twitter:label1\" content=\"Est. reading time\" \/>\n\t<meta name=\"twitter:data1\" content=\"1 minute\" \/>\n<script type=\"application\/ld+json\" class=\"yoast-schema-graph\">{\"@context\":\"https:\\\/\\\/schema.org\",\"@graph\":[{\"@type\":\"WebPage\",\"@id\":\"https:\\\/\\\/co-matters.de\\\/impressum\\\/\",\"url\":\"https:\\\/\\\/co-matters.de\\\/impressum\\\/\",\"name\":\"Impressum: Co-Matters - Beratung, Impulse, Entwicklung\",\"isPartOf\":{\"@id\":\"https:\\\/\\\/co-matters.de\\\/en\\\/#website\"},\"datePublished\":\"2021-03-09T13:15:02+00:00\",\"dateModified\":\"2025-07-22T12:40:13+00:00\",\"description\":\"Personal - Organisationsentwicklung - Ma\u00dfgeschneidert - Unkonventionell - Nachhaltig Innovativ - Work - Life\",\"breadcrumb\":{\"@id\":\"https:\\\/\\\/co-matters.de\\\/impressum\\\/#breadcrumb\"},\"inLanguage\":\"en-US\",\"potentialAction\":[{\"@type\":\"ReadAction\",\"target\":[\"https:\\\/\\\/co-matters.de\\\/impressum\\\/\"]}]},{\"@type\":\"BreadcrumbList\",\"@id\":\"https:\\\/\\\/co-matters.de\\\/impressum\\\/#breadcrumb\",\"itemListElement\":[{\"@type\":\"ListItem\",\"position\":1,\"name\":\"Startseite\",\"item\":\"https:\\\/\\\/co-matters.de\\\/\"},{\"@type\":\"ListItem\",\"position\":2,\"name\":\"Impressum\"}]},{\"@type\":\"WebSite\",\"@id\":\"https:\\\/\\\/co-matters.de\\\/en\\\/#website\",\"url\":\"https:\\\/\\\/co-matters.de\\\/en\\\/\",\"name\":\"Co-Matters\",\"description\":\"Beratung, Impulse, Entwicklung\",\"potentialAction\":[{\"@type\":\"SearchAction\",\"target\":{\"@type\":\"EntryPoint\",\"urlTemplate\":\"https:\\\/\\\/co-matters.de\\\/en\\\/?s={search_term_string}\"},\"query-input\":{\"@type\":\"PropertyValueSpecification\",\"valueRequired\":true,\"valueName\":\"search_term_string\"}}],\"inLanguage\":\"en-US\"}]}<\/script>\n<!-- \/ Yoast SEO plugin. -->","yoast_head_json":{"title":"Impressum: Co-Matters - Beratung, Impulse, Entwicklung","description":"Personal - Organisationsentwicklung - Ma\u00dfgeschneidert - Unkonventionell - Nachhaltig Innovativ - Work - Life","robots":{"index":"index","follow":"follow","max-snippet":"max-snippet:-1","max-image-preview":"max-image-preview:large","max-video-preview":"max-video-preview:-1"},"canonical":"https:\/\/co-matters.de\/en\/impressum\/","og_locale":"en_US","og_type":"article","og_title":"Impressum: Co-Matters - Beratung, Impulse, Entwicklung","og_description":"Personal - Organisationsentwicklung - Ma\u00dfgeschneidert - Unkonventionell - Nachhaltig Innovativ - Work - Life","og_url":"https:\/\/co-matters.de\/en\/impressum\/","og_site_name":"Co-Matters","article_modified_time":"2025-07-22T12:40:13+00:00","twitter_card":"summary_large_image","twitter_misc":{"Est. reading time":"1 minute"},"schema":{"@context":"https:\/\/schema.org","@graph":[{"@type":"WebPage","@id":"https:\/\/co-matters.de\/impressum\/","url":"https:\/\/co-matters.de\/impressum\/","name":"Impressum: Co-Matters - Beratung, Impulse, Entwicklung","isPartOf":{"@id":"https:\/\/co-matters.de\/en\/#website"},"datePublished":"2021-03-09T13:15:02+00:00","dateModified":"2025-07-22T12:40:13+00:00","description":"Personal - Organisationsentwicklung - Ma\u00dfgeschneidert - Unkonventionell - Nachhaltig Innovativ - Work - Life","breadcrumb":{"@id":"https:\/\/co-matters.de\/impressum\/#breadcrumb"},"inLanguage":"en-US","potentialAction":[{"@type":"ReadAction","target":["https:\/\/co-matters.de\/impressum\/"]}]},{"@type":"BreadcrumbList","@id":"https:\/\/co-matters.de\/impressum\/#breadcrumb","itemListElement":[{"@type":"ListItem","position":1,"name":"Startseite","item":"https:\/\/co-matters.de\/"},{"@type":"ListItem","position":2,"name":"Impressum"}]},{"@type":"WebSite","@id":"https:\/\/co-matters.de\/en\/#website","url":"https:\/\/co-matters.de\/en\/","name":"Co-Matters","description":"Beratung, Impulse, Entwicklung","potentialAction":[{"@type":"SearchAction","target":{"@type":"EntryPoint","urlTemplate":"https:\/\/co-matters.de\/en\/?s={search_term_string}"},"query-input":{"@type":"PropertyValueSpecification","valueRequired":true,"valueName":"search_term_string"}}],"inLanguage":"en-US"}]}},"_links":{"self":[{"href":"http:\/\/co-matters.de\/en\/wp-json\/wp\/v2\/pages\/5601","targetHints":{"allow":["GET"]}}],"collection":[{"href":"http:\/\/co-matters.de\/en\/wp-json\/wp\/v2\/pages"}],"about":[{"href":"http:\/\/co-matters.de\/en\/wp-json\/wp\/v2\/types\/page"}],"author":[{"embeddable":true,"href":"http:\/\/co-matters.de\/en\/wp-json\/wp\/v2\/users\/7"}],"replies":[{"embeddable":true,"href":"http:\/\/co-matters.de\/en\/wp-json\/wp\/v2\/comments?post=5601"}],"version-history":[{"count":2,"href":"http:\/\/co-matters.de\/en\/wp-json\/wp\/v2\/pages\/5601\/revisions"}],"predecessor-version":[{"id":5604,"href":"http:\/\/co-matters.de\/en\/wp-json\/wp\/v2\/pages\/5601\/revisions\/5604"}],"wp:attachment":[{"href":"http:\/\/co-matters.de\/en\/wp-json\/wp\/v2\/media?parent=5601"}],"curies":[{"name":"wp","href":"https:\/\/api.w.org\/{rel}","templated":true}]}}