{"id":4478,"date":"2020-11-02T20:49:29","date_gmt":"2020-11-02T18:49:29","guid":{"rendered":"http:\/\/co-matters.de\/?page_id=4478"},"modified":"2025-07-22T14:40:14","modified_gmt":"2025-07-22T12:40:14","slug":"kontakt","status":"publish","type":"page","link":"https:\/\/co-matters.de\/en\/kontakt\/","title":{"rendered":"Contact"},"content":{"rendered":"<div class=\"vc-row-container container\"><div class=\"vc_row wpb_row vc_row-fluid vc_custom_1615162348097\"><div class=\"wpb_column vc_column_container vc_col-sm-6\"><div class=\"vc_column-inner\"><div class=\"wpb_wrapper\">\n\t<div class=\"wpb_text_column wpb_content_element  post-formatting \" >\n\t\t<div class=\"wpb_wrapper\">\n\t\t\t<h1>JETZT KONTAKT<br \/>\nMIT UNS AUFNEHMEN<\/h1>\n\n\t\t<\/div>\n\t<\/div>\n\n\t<div class=\"wpb_text_column wpb_content_element  post-formatting \" >\n\t\t<div class=\"wpb_wrapper\">\n\t\t\t<p>Im Herzen M\u00fcnchens, direkt am Englischen Garten haben wir unser B\u00fcro. Schau gerne einmal vorbei, rufe uns an, oder schreibe uns eine Mail.<\/p>\n\n\t\t<\/div>\n\t<\/div>\n<div class=\"vc_row wpb_row vc_inner vc_row-fluid kontakt-inner-col vc_row-o-content-middle vc_row-flex\"><div class=\"kontakt-social-col wpb_column vc_column_container vc_col-sm-3\"><div class=\"vc_column-inner\"><div class=\"wpb_wrapper\"><div class=\"vc_icon_element vc_icon_element-outer kontakt-icons vc_icon_element-align-left\"><div class=\"vc_icon_element-inner vc_icon_element-color-custom vc_icon_element-size-md vc_icon_element-style- vc_icon_element-background-color-grey\" ><span class=\"vc_icon_element-icon vc_li vc_li-location\" style=\"color:#3c3c37 !important\"><\/span><\/div><\/div><\/div><\/div><\/div><div class=\"wpb_column vc_column_container vc_col-sm-9\"><div class=\"vc_column-inner\"><div class=\"wpb_wrapper\">\n\t<div class=\"wpb_text_column wpb_content_element  post-formatting \" >\n\t\t<div class=\"wpb_wrapper\">\n\t\t\t<p>Sch\u00f6nfeldstr. 17, 80539 M\u00fcnchen,<br \/>\nDeutschland<\/p>\n\n\t\t<\/div>\n\t<\/div>\n<\/div><\/div><\/div><\/div><div class=\"vc_row wpb_row vc_inner vc_row-fluid kontakt-inner-col vc_row-o-content-middle vc_row-flex\"><div class=\"kontakt-social-col wpb_column vc_column_container vc_col-sm-3\"><div class=\"vc_column-inner\"><div class=\"wpb_wrapper\"><div class=\"vc_icon_element vc_icon_element-outer kontakt-icons vc_icon_element-align-left\"><div class=\"vc_icon_element-inner vc_icon_element-color-custom vc_icon_element-size-md vc_icon_element-style- vc_icon_element-background-color-grey\" ><span class=\"vc_icon_element-icon vc-material vc-material-phone_in_talk\" style=\"color:#3c3c37 !important\"><\/span><\/div><\/div><\/div><\/div><\/div><div class=\"wpb_column vc_column_container vc_col-sm-9\"><div class=\"vc_column-inner\"><div class=\"wpb_wrapper\">\n\t<div class=\"wpb_text_column wpb_content_element  post-formatting \" >\n\t\t<div class=\"wpb_wrapper\">\n\t\t\t<p>+49 (0) 89 &#8211; 125 014 914<\/p>\n\n\t\t<\/div>\n\t<\/div>\n<\/div><\/div><\/div><\/div><div class=\"vc_row wpb_row vc_inner vc_row-fluid kontakt-inner-col vc_row-o-content-middle vc_row-flex\"><div class=\"kontakt-social-col wpb_column vc_column_container vc_col-sm-3\"><div class=\"vc_column-inner\"><div class=\"wpb_wrapper\"><div class=\"vc_icon_element vc_icon_element-outer kontakt-icons vc_icon_element-align-left\"><div class=\"vc_icon_element-inner vc_icon_element-color-custom vc_icon_element-size-md vc_icon_element-style- vc_icon_element-background-color-grey\" ><span class=\"vc_icon_element-icon far fa-envelope\" style=\"color:#3c3c37 !important\"><\/span><a class=\"vc_icon_element-link\" href=\"mailto:hallo@co-matters.de\"  title=\"\" target=\"_blank\"><\/a><\/div><\/div><\/div><\/div><\/div><div class=\"wpb_column vc_column_container vc_col-sm-9\"><div class=\"vc_column-inner\"><div class=\"wpb_wrapper\">\n\t<div class=\"wpb_text_column wpb_content_element  post-formatting \" >\n\t\t<div class=\"wpb_wrapper\">\n\t\t\t<p><a style=\"color: #3c3c37;\" href=\"mailto:hallo@co-matters.de\" target=\"_blank\" rel=\"noopener\">hallo@co-matters.de<\/a><\/p>\n\n\t\t<\/div>\n\t<\/div>\n<\/div><\/div><\/div><\/div><div class=\"vc_row wpb_row vc_inner vc_row-fluid kontakt-inner-col vc_row-o-content-middle vc_row-flex\"><div class=\"kontakt-social-col wpb_column vc_column_container vc_col-sm-3\"><div class=\"vc_column-inner\"><div class=\"wpb_wrapper\"><div class=\"vc_icon_element vc_icon_element-outer kontakt-icons vc_icon_element-align-left\"><div class=\"vc_icon_element-inner vc_icon_element-color-custom vc_icon_element-size-md vc_icon_element-style- vc_icon_element-background-color-grey\" ><span class=\"vc_icon_element-icon fab fa-linkedin\" style=\"color:#3c3c37 !important\"><\/span><a class=\"vc_icon_element-link\" href=\"https:\/\/www.linkedin.com\/company\/co-matters\/\"  title=\"\" target=\"_blank\"><\/a><\/div><\/div><\/div><\/div><\/div><div class=\"wpb_column vc_column_container vc_col-sm-9\"><div class=\"vc_column-inner\"><div class=\"wpb_wrapper\">\n\t<div class=\"wpb_text_column wpb_content_element  post-formatting \" >\n\t\t<div class=\"wpb_wrapper\">\n\t\t\t<p><a style=\"color: #3c3c37;\" href=\"https:\/\/www.linkedin.com\/company\/co-matters\/\" target=\"_blank\" rel=\"noopener\">www.linkedin.com\/company\/co-matters\/<\/a><\/p>\n\n\t\t<\/div>\n\t<\/div>\n<\/div><\/div><\/div><\/div><div class=\"vc_row wpb_row vc_inner vc_row-fluid kontakt-inner-col vc_row-o-content-middle vc_row-flex\"><div class=\"kontakt-social-col wpb_column vc_column_container vc_col-sm-3\"><div class=\"vc_column-inner\"><div class=\"wpb_wrapper\"><div class=\"vc_icon_element vc_icon_element-outer kontakt-icons vc_icon_element-align-left\"><div class=\"vc_icon_element-inner vc_icon_element-color-custom vc_icon_element-size-md vc_icon_element-style- vc_icon_element-background-color-grey\" ><span class=\"vc_icon_element-icon fab fa-instagram\" style=\"color:#3c3c37 !important\"><\/span><a class=\"vc_icon_element-link\" href=\"https:\/\/www.instagram.com\/comattersco\/\"  title=\"\" target=\"_blank\"><\/a><\/div><\/div><\/div><\/div><\/div><div class=\"wpb_column vc_column_container vc_col-sm-9\"><div class=\"vc_column-inner\"><div class=\"wpb_wrapper\">\n\t<div class=\"wpb_text_column wpb_content_element  post-formatting \" >\n\t\t<div class=\"wpb_wrapper\">\n\t\t\t<p><a style=\"color: #3c3c37;\" href=\"https:\/\/www.instagram.com\/comattersco\/\" target=\"_blank\" rel=\"noopener\">www.instagram.com\/comattersco\/<\/a><\/p>\n\n\t\t<\/div>\n\t<\/div>\n<\/div><\/div><\/div><\/div><\/div><\/div><\/div><div class=\"team-text-col wpb_column vc_column_container vc_col-sm-6\"><div class=\"vc_column-inner\"><div class=\"wpb_wrapper\">\n\t<div class=\"wpb_raw_code wpb_content_element wpb_raw_html\" >\n\t\t<div class=\"wpb_wrapper\">\n\t\t\t\n<div class=\"wpcf7 no-js\" id=\"wpcf7-f5-o1\" lang=\"de-DE\" dir=\"ltr\" data-wpcf7-id=\"5\">\n<div class=\"screen-reader-response\"><p role=\"status\" aria-live=\"polite\" aria-atomic=\"true\"><\/p> <ul><\/ul><\/div>\n<form action=\"\/en\/wp-json\/wp\/v2\/pages\/4478#wpcf7-f5-o1\" method=\"post\" class=\"wpcf7-form init\" aria-label=\"Kontaktformular\" novalidate=\"novalidate\" data-status=\"init\">\n<fieldset class=\"hidden-fields-container\"><input type=\"hidden\" name=\"_wpcf7\" value=\"5\" \/><input type=\"hidden\" name=\"_wpcf7_version\" value=\"6.1.5\" \/><input type=\"hidden\" name=\"_wpcf7_locale\" value=\"de_DE\" \/><input type=\"hidden\" name=\"_wpcf7_unit_tag\" value=\"wpcf7-f5-o1\" \/><input type=\"hidden\" name=\"_wpcf7_container_post\" value=\"0\" \/><input type=\"hidden\" name=\"_wpcf7_posted_data_hash\" value=\"\" \/>\n<\/fieldset>\n<p><span class=\"wpcf7-form-control-wrap\" data-name=\"vorname\"><input size=\"40\" maxlength=\"400\" class=\"wpcf7-form-control wpcf7-text\" aria-invalid=\"false\" placeholder=\"Name\" value=\"\" type=\"text\" name=\"vorname\" \/><\/span>\n<\/p>\n<p><span class=\"wpcf7-form-control-wrap\" data-name=\"email\"><input size=\"40\" maxlength=\"400\" class=\"wpcf7-form-control wpcf7-email wpcf7-text wpcf7-validates-as-email\" aria-invalid=\"false\" placeholder=\"E-Mail\" value=\"\" type=\"email\" name=\"email\" \/><\/span>\n<\/p>\n<p><span class=\"wpcf7-form-control-wrap\" data-name=\"nachricht\"><textarea cols=\"40\" rows=\"10\" maxlength=\"2000\" class=\"wpcf7-form-control wpcf7-textarea\" aria-invalid=\"false\" placeholder=\"Nachricht eingeben\" name=\"nachricht\"><\/textarea><\/span>\n<\/p>\n<p><input class=\"wpcf7-form-control wpcf7-submit has-spinner\" id=\"senden\" type=\"submit\" value=\"Senden\" \/>\n<\/p><p style=\"display: none !important;\" class=\"akismet-fields-container\" data-prefix=\"_wpcf7_ak_\"><label>&#916;<textarea name=\"_wpcf7_ak_hp_textarea\" cols=\"45\" rows=\"8\" maxlength=\"100\"><\/textarea><\/label><input type=\"hidden\" id=\"ak_js_1\" name=\"_wpcf7_ak_js\" value=\"212\"\/><script type=\"text\/javascript\">\n\/* <![CDATA[ *\/\ndocument.getElementById( \"ak_js_1\" ).setAttribute( \"value\", ( new Date() ).getTime() );\n\/* ]]> *\/\n<\/script>\n<\/p><div class=\"wpcf7-response-output\" aria-hidden=\"true\"><\/div>\n<\/form>\n<\/div>\n\n\t\t<\/div>\n\t<\/div>\n<\/div><\/div><\/div><\/div><\/div><div class=\"vc-row-container vc-row-container--stretch-content\"><div data-vc-full-width=\"true\" data-vc-full-width-init=\"false\" data-vc-stretch-content=\"true\" class=\"vc_row wpb_row vc_row-fluid vc_custom_1615164087482 vc_row-o-equal-height vc_row-flex\"><div class=\"wpb_column vc_column_container vc_col-sm-6 vc_col-has-fill\"><div class=\"vc_column-inner vc_custom_1615163836111\"><div class=\"wpb_wrapper\"><div class=\"vc_empty_space\"   style=\"height: 350px\"><span class=\"vc_empty_space_inner\"><\/span><\/div><\/div><\/div><\/div><div class=\"newsletter-col wpb_column vc_column_container vc_col-sm-6 vc_col-has-fill\"><div class=\"vc_column-inner vc_custom_1615163892214\"><div class=\"wpb_wrapper\">\n\t<div class=\"wpb_text_column wpb_content_element  post-formatting \" >\n\t\t<div class=\"wpb_wrapper\">\n\t\t\t<h4 style=\"text-align: center;\">Bleibe immer<br \/>\nup to date<\/h4>\n\n\t\t<\/div>\n\t<\/div>\n\n\t<div class=\"wpb_text_column wpb_content_element  post-formatting \" >\n\t\t<div class=\"wpb_wrapper\">\n\t\t\t<p style=\"text-align: center;\">Mit den Inhalten unseres monatlichen Newsletters kannst Du mit Deiner Weiterentwicklung bereits heute starten und verpasst keine Neuigkeiten und Events von Co &#8211; Matters.<\/p>\n\n\t\t<\/div>\n\t<\/div>\n<div class=\"vc_btn3-container  custom-button-2 vc_btn3-center\" ><a class=\"vc_general vc_btn3 vc_btn3-size-md vc_btn3-shape-rounded vc_btn3-style-modern vc_btn3-color-grey\" href=\"https:\/\/www.me-retreat.com\/en\/retreats-1\" title=\"\" target=\"_blank\">Newsletter abonnieren<\/a><\/div><\/div><\/div><\/div><\/div><div class=\"vc_row-full-width vc_clearfix\"><\/div><\/div>\n","protected":false},"excerpt":{"rendered":"JETZT KONTAKT MIT UNS AUFNEHMEN Im Herzen M\u00fcnchens, direkt am Englischen Garten haben wir unser B\u00fcro. Schau gerne einmal vorbei, rufe uns an, oder schreibe uns eine Mail. Sch\u00f6nfeldstr. 17, 80539 M\u00fcnchen, Deutschland +49 (0) 89 - 125 014 914 hallo@co-matters.de www.linkedin.com\/company\/co-matters\/ www.instagram.com\/comattersco\/ &#916; Bleibe immer up to date Mit&hellip;","protected":false},"author":7,"featured_media":0,"parent":0,"menu_order":0,"comment_status":"closed","ping_status":"closed","template":"","meta":{"_acf_changed":false,"footnotes":""},"class_list":["post-4478","page","type-page","status-publish","hentry"],"acf":[],"yoast_head":"<!-- This site is optimized with the Yoast SEO plugin v27.4 - https:\/\/yoast.com\/product\/yoast-seo-wordpress\/ -->\n<title>Kontakt: Co-Matters - Beratung, Impulse, Entwicklung<\/title>\n<meta name=\"description\" content=\"Personal - Organisationsentwicklung - Ma\u00dfgeschneidert - Unkonventionell - Nachhaltig Innovativ - Work - Life\" \/>\n<meta name=\"robots\" content=\"index, follow, max-snippet:-1, max-image-preview:large, max-video-preview:-1\" \/>\n<link rel=\"canonical\" href=\"https:\/\/co-matters.de\/en\/kontakt\/\" \/>\n<meta property=\"og:locale\" content=\"en_US\" \/>\n<meta property=\"og:type\" content=\"article\" \/>\n<meta property=\"og:title\" content=\"Kontakt: Co-Matters - Beratung, Impulse, Entwicklung\" \/>\n<meta property=\"og:description\" content=\"Personal - Organisationsentwicklung - Ma\u00dfgeschneidert - Unkonventionell - Nachhaltig Innovativ - Work - Life\" \/>\n<meta property=\"og:url\" content=\"https:\/\/co-matters.de\/en\/kontakt\/\" \/>\n<meta property=\"og:site_name\" content=\"Co-Matters\" \/>\n<meta property=\"article:modified_time\" content=\"2025-07-22T12:40:14+00:00\" \/>\n<meta name=\"twitter:card\" content=\"summary_large_image\" \/>\n<meta name=\"twitter:label1\" content=\"Est. reading time\" \/>\n\t<meta name=\"twitter:data1\" content=\"1 minute\" \/>\n<script type=\"application\/ld+json\" class=\"yoast-schema-graph\">{\"@context\":\"https:\\\/\\\/schema.org\",\"@graph\":[{\"@type\":\"WebPage\",\"@id\":\"https:\\\/\\\/co-matters.de\\\/kontakt\\\/\",\"url\":\"https:\\\/\\\/co-matters.de\\\/kontakt\\\/\",\"name\":\"Kontakt: Co-Matters - Beratung, Impulse, Entwicklung\",\"isPartOf\":{\"@id\":\"https:\\\/\\\/co-matters.de\\\/en\\\/#website\"},\"datePublished\":\"2020-11-02T18:49:29+00:00\",\"dateModified\":\"2025-07-22T12:40:14+00:00\",\"description\":\"Personal - Organisationsentwicklung - Ma\u00dfgeschneidert - Unkonventionell - Nachhaltig Innovativ - Work - Life\",\"breadcrumb\":{\"@id\":\"https:\\\/\\\/co-matters.de\\\/kontakt\\\/#breadcrumb\"},\"inLanguage\":\"en-US\",\"potentialAction\":[{\"@type\":\"ReadAction\",\"target\":[\"https:\\\/\\\/co-matters.de\\\/kontakt\\\/\"]}]},{\"@type\":\"BreadcrumbList\",\"@id\":\"https:\\\/\\\/co-matters.de\\\/kontakt\\\/#breadcrumb\",\"itemListElement\":[{\"@type\":\"ListItem\",\"position\":1,\"name\":\"Startseite\",\"item\":\"https:\\\/\\\/co-matters.de\\\/\"},{\"@type\":\"ListItem\",\"position\":2,\"name\":\"Kontakt\"}]},{\"@type\":\"WebSite\",\"@id\":\"https:\\\/\\\/co-matters.de\\\/en\\\/#website\",\"url\":\"https:\\\/\\\/co-matters.de\\\/en\\\/\",\"name\":\"Co-Matters\",\"description\":\"Beratung, Impulse, Entwicklung\",\"potentialAction\":[{\"@type\":\"SearchAction\",\"target\":{\"@type\":\"EntryPoint\",\"urlTemplate\":\"https:\\\/\\\/co-matters.de\\\/en\\\/?s={search_term_string}\"},\"query-input\":{\"@type\":\"PropertyValueSpecification\",\"valueRequired\":true,\"valueName\":\"search_term_string\"}}],\"inLanguage\":\"en-US\"}]}<\/script>\n<!-- \/ Yoast SEO plugin. -->","yoast_head_json":{"title":"Kontakt: Co-Matters - Beratung, Impulse, Entwicklung","description":"Personal - Organisationsentwicklung - Ma\u00dfgeschneidert - Unkonventionell - Nachhaltig Innovativ - Work - Life","robots":{"index":"index","follow":"follow","max-snippet":"max-snippet:-1","max-image-preview":"max-image-preview:large","max-video-preview":"max-video-preview:-1"},"canonical":"https:\/\/co-matters.de\/en\/kontakt\/","og_locale":"en_US","og_type":"article","og_title":"Kontakt: Co-Matters - Beratung, Impulse, Entwicklung","og_description":"Personal - Organisationsentwicklung - Ma\u00dfgeschneidert - Unkonventionell - Nachhaltig Innovativ - Work - Life","og_url":"https:\/\/co-matters.de\/en\/kontakt\/","og_site_name":"Co-Matters","article_modified_time":"2025-07-22T12:40:14+00:00","twitter_card":"summary_large_image","twitter_misc":{"Est. reading time":"1 minute"},"schema":{"@context":"https:\/\/schema.org","@graph":[{"@type":"WebPage","@id":"https:\/\/co-matters.de\/kontakt\/","url":"https:\/\/co-matters.de\/kontakt\/","name":"Kontakt: Co-Matters - Beratung, Impulse, Entwicklung","isPartOf":{"@id":"https:\/\/co-matters.de\/en\/#website"},"datePublished":"2020-11-02T18:49:29+00:00","dateModified":"2025-07-22T12:40:14+00:00","description":"Personal - Organisationsentwicklung - Ma\u00dfgeschneidert - Unkonventionell - Nachhaltig Innovativ - Work - Life","breadcrumb":{"@id":"https:\/\/co-matters.de\/kontakt\/#breadcrumb"},"inLanguage":"en-US","potentialAction":[{"@type":"ReadAction","target":["https:\/\/co-matters.de\/kontakt\/"]}]},{"@type":"BreadcrumbList","@id":"https:\/\/co-matters.de\/kontakt\/#breadcrumb","itemListElement":[{"@type":"ListItem","position":1,"name":"Startseite","item":"https:\/\/co-matters.de\/"},{"@type":"ListItem","position":2,"name":"Kontakt"}]},{"@type":"WebSite","@id":"https:\/\/co-matters.de\/en\/#website","url":"https:\/\/co-matters.de\/en\/","name":"Co-Matters","description":"Beratung, Impulse, Entwicklung","potentialAction":[{"@type":"SearchAction","target":{"@type":"EntryPoint","urlTemplate":"https:\/\/co-matters.de\/en\/?s={search_term_string}"},"query-input":{"@type":"PropertyValueSpecification","valueRequired":true,"valueName":"search_term_string"}}],"inLanguage":"en-US"}]}},"_links":{"self":[{"href":"https:\/\/co-matters.de\/en\/wp-json\/wp\/v2\/pages\/4478","targetHints":{"allow":["GET"]}}],"collection":[{"href":"https:\/\/co-matters.de\/en\/wp-json\/wp\/v2\/pages"}],"about":[{"href":"https:\/\/co-matters.de\/en\/wp-json\/wp\/v2\/types\/page"}],"author":[{"embeddable":true,"href":"https:\/\/co-matters.de\/en\/wp-json\/wp\/v2\/users\/7"}],"replies":[{"embeddable":true,"href":"https:\/\/co-matters.de\/en\/wp-json\/wp\/v2\/comments?post=4478"}],"version-history":[{"count":40,"href":"https:\/\/co-matters.de\/en\/wp-json\/wp\/v2\/pages\/4478\/revisions"}],"predecessor-version":[{"id":6297,"href":"https:\/\/co-matters.de\/en\/wp-json\/wp\/v2\/pages\/4478\/revisions\/6297"}],"wp:attachment":[{"href":"https:\/\/co-matters.de\/en\/wp-json\/wp\/v2\/media?parent=4478"}],"curies":[{"name":"wp","href":"https:\/\/api.w.org\/{rel}","templated":true}]}}