{"id":6441,"date":"2026-04-21T13:20:23","date_gmt":"2026-04-21T11:20:23","guid":{"rendered":"https:\/\/co-matters.de\/?page_id=6441"},"modified":"2026-04-21T15:15:55","modified_gmt":"2026-04-21T13:15:55","slug":"conscious-individuals","status":"publish","type":"page","link":"https:\/\/co-matters.de\/en\/concept-lab\/conscious-individuals\/","title":{"rendered":"Conscious Individuals"},"content":{"rendered":"<div class=\"vc-row-container container\"><div class=\"vc_row wpb_row vc_row-fluid vc_custom_1615141762984\"><div class=\"wpb_column vc_column_container vc_col-sm-12\"><div class=\"vc_column-inner\"><div class=\"wpb_wrapper\">\n\t<div class=\"wpb_text_column wpb_content_element  post-formatting\" >\n\t\t<div class=\"wpb_wrapper\">\n\t\t\t<p><a class=\"back-button\" href=\"http:\/\/co-matters.de\/en\/leistungen\/\">\u1438 Go back<\/a><\/p>\n\n\t\t<\/div>\n\t<\/div>\n<\/div><\/div><\/div><\/div><\/div><div class=\"vc-row-container container parent--about-row\"><div class=\"vc_row wpb_row vc_row-fluid about-row vc_custom_1615151199785\"><div class=\"wpb_column vc_column_container vc_col-sm-5\"><div class=\"vc_column-inner\"><div class=\"wpb_wrapper\">\n\t<div  class=\"wpb_single_image wpb_content_element vc_align_left\">\n\t\t\n\t\t<figure class=\"wpb_wrapper vc_figure\">\n\t\t\t<div class=\"vc_single_image-wrapper   vc_box_border_grey\"><img loading=\"lazy\" decoding=\"async\" width=\"1417\" height=\"945\" src=\"https:\/\/co-matters.de\/wp-content\/uploads\/2022\/07\/Co-Matters-SonjaHerpich_71A8957_HighRes_30-min.jpg\" class=\"vc_single_image-img attachment-full\" alt=\"\" title=\"Co-Matters-SonjaHerpich_71A8957_HighRes_30-min\" srcset=\"https:\/\/co-matters.de\/wp-content\/uploads\/2022\/07\/Co-Matters-SonjaHerpich_71A8957_HighRes_30-min.jpg 1417w, https:\/\/co-matters.de\/wp-content\/uploads\/2022\/07\/Co-Matters-SonjaHerpich_71A8957_HighRes_30-min-300x200.jpg 300w, https:\/\/co-matters.de\/wp-content\/uploads\/2022\/07\/Co-Matters-SonjaHerpich_71A8957_HighRes_30-min-1024x683.jpg 1024w, https:\/\/co-matters.de\/wp-content\/uploads\/2022\/07\/Co-Matters-SonjaHerpich_71A8957_HighRes_30-min-768x512.jpg 768w, https:\/\/co-matters.de\/wp-content\/uploads\/2022\/07\/Co-Matters-SonjaHerpich_71A8957_HighRes_30-min-18x12.jpg 18w, https:\/\/co-matters.de\/wp-content\/uploads\/2022\/07\/Co-Matters-SonjaHerpich_71A8957_HighRes_30-min-1116x744.jpg 1116w, https:\/\/co-matters.de\/wp-content\/uploads\/2022\/07\/Co-Matters-SonjaHerpich_71A8957_HighRes_30-min-806x538.jpg 806w, https:\/\/co-matters.de\/wp-content\/uploads\/2022\/07\/Co-Matters-SonjaHerpich_71A8957_HighRes_30-min-558x372.jpg 558w, https:\/\/co-matters.de\/wp-content\/uploads\/2022\/07\/Co-Matters-SonjaHerpich_71A8957_HighRes_30-min-655x437.jpg 655w, https:\/\/co-matters.de\/wp-content\/uploads\/2022\/07\/Co-Matters-SonjaHerpich_71A8957_HighRes_30-min-24x16.jpg 24w, https:\/\/co-matters.de\/wp-content\/uploads\/2022\/07\/Co-Matters-SonjaHerpich_71A8957_HighRes_30-min-36x24.jpg 36w, https:\/\/co-matters.de\/wp-content\/uploads\/2022\/07\/Co-Matters-SonjaHerpich_71A8957_HighRes_30-min-48x32.jpg 48w, https:\/\/co-matters.de\/wp-content\/uploads\/2022\/07\/Co-Matters-SonjaHerpich_71A8957_HighRes_30-min-272x182.jpg 272w\" sizes=\"auto, (max-width: 1417px) 100vw, 1417px\" \/><\/div>\n\t\t<\/figure>\n\t<\/div>\n\n\t<div  class=\"wpb_single_image wpb_content_element vc_align_left\">\n\t\t\n\t\t<figure class=\"wpb_wrapper vc_figure\">\n\t\t\t<div class=\"vc_single_image-wrapper   vc_box_border_grey\"><img loading=\"lazy\" decoding=\"async\" width=\"1417\" height=\"945\" src=\"https:\/\/co-matters.de\/wp-content\/uploads\/2022\/07\/Co-Matters-SonjaHerpich_71A8844_HighRes_1_30-min.jpg\" class=\"vc_single_image-img attachment-full\" alt=\"\" title=\"Co-Matters-SonjaHerpich_71A8844_HighRes_1_30-min\" srcset=\"https:\/\/co-matters.de\/wp-content\/uploads\/2022\/07\/Co-Matters-SonjaHerpich_71A8844_HighRes_1_30-min.jpg 1417w, https:\/\/co-matters.de\/wp-content\/uploads\/2022\/07\/Co-Matters-SonjaHerpich_71A8844_HighRes_1_30-min-300x200.jpg 300w, https:\/\/co-matters.de\/wp-content\/uploads\/2022\/07\/Co-Matters-SonjaHerpich_71A8844_HighRes_1_30-min-1024x683.jpg 1024w, https:\/\/co-matters.de\/wp-content\/uploads\/2022\/07\/Co-Matters-SonjaHerpich_71A8844_HighRes_1_30-min-768x512.jpg 768w, https:\/\/co-matters.de\/wp-content\/uploads\/2022\/07\/Co-Matters-SonjaHerpich_71A8844_HighRes_1_30-min-18x12.jpg 18w, https:\/\/co-matters.de\/wp-content\/uploads\/2022\/07\/Co-Matters-SonjaHerpich_71A8844_HighRes_1_30-min-1116x744.jpg 1116w, https:\/\/co-matters.de\/wp-content\/uploads\/2022\/07\/Co-Matters-SonjaHerpich_71A8844_HighRes_1_30-min-806x538.jpg 806w, https:\/\/co-matters.de\/wp-content\/uploads\/2022\/07\/Co-Matters-SonjaHerpich_71A8844_HighRes_1_30-min-558x372.jpg 558w, https:\/\/co-matters.de\/wp-content\/uploads\/2022\/07\/Co-Matters-SonjaHerpich_71A8844_HighRes_1_30-min-655x437.jpg 655w, https:\/\/co-matters.de\/wp-content\/uploads\/2022\/07\/Co-Matters-SonjaHerpich_71A8844_HighRes_1_30-min-24x16.jpg 24w, https:\/\/co-matters.de\/wp-content\/uploads\/2022\/07\/Co-Matters-SonjaHerpich_71A8844_HighRes_1_30-min-36x24.jpg 36w, https:\/\/co-matters.de\/wp-content\/uploads\/2022\/07\/Co-Matters-SonjaHerpich_71A8844_HighRes_1_30-min-48x32.jpg 48w, https:\/\/co-matters.de\/wp-content\/uploads\/2022\/07\/Co-Matters-SonjaHerpich_71A8844_HighRes_1_30-min-272x182.jpg 272w\" sizes=\"auto, (max-width: 1417px) 100vw, 1417px\" \/><\/div>\n\t\t<\/figure>\n\t<\/div>\n<\/div><\/div><\/div><div class=\"team-text-col wpb_column vc_column_container vc_col-sm-7\"><div class=\"vc_column-inner\"><div class=\"wpb_wrapper\">\n\t<div class=\"wpb_text_column wpb_content_element  post-formatting\" >\n\t\t<div class=\"wpb_wrapper\">\n\t\t\t<h1>Conscious Individuals<\/h1>\n<h5>Pers\u00f6nliche Entwicklung, die st\u00e4rkt.<\/h5>\n\n\t\t<\/div>\n\t<\/div>\n\n\t<div class=\"wpb_text_column wpb_content_element  post-formatting\" >\n\t\t<div class=\"wpb_wrapper\">\n\t\t\t<p>Wir begleiten Sie pers\u00f6nlich in allen Positionen.<\/p>\n<p>Sie suchen Unterst\u00fctzung bei Ihrer Entwicklung?<br \/>\nWir begleiten Sie durch individuell abgestimmte, systemische Beratung bei der Kl\u00e4rung ihres Themas und Erweiterung Ihrer Handlungsoptionen.<\/p>\n<p>Ob intensive Selbstreflexion oder Neuausrichtung \u2013 hier beginnt Ver\u00e4nderung bei Ihnen \u2013 wenn Sie es wirklich wollen.<\/p>\n<p>&nbsp;<\/p>\n<h3>Einblick in unser Produktportfolio<\/h3>\n<ul>\n<li><strong>Coaching Individual<\/strong><br \/>\nPers\u00f6nliche Begleitung mit Tiefgang, f\u00fcr Ihr Wachstum, das Bewegung bringt.<\/li>\n<li><strong>St\u00e4rkencoaching<\/strong><br \/>\nIdentifikation der individuellen St\u00e4rken und Entwicklungsfelder.<\/li>\n<\/ul>\n<h3>Impact f\u00fcrs Unternehmen<\/h3>\n<p>Selbstverantwortliche, reflektierte, zielfokussierte und intrinsisch motivierte Mitarbeitende erfahren eine h\u00f6here Performance im Arbeitsalltag. Dadurch entlasten sie die F\u00fchrungskraft, st\u00e4rken das Gesamtsystem und tragen zur Zukunftsf\u00e4higkeit des Unternehmens bei.<\/p>\n<p>&nbsp;<\/p>\n<p>Quellen:<\/p>\n<ul>\n<li><a href=\"https:\/\/www.abacademies.org\/abstract\/the-influence-of-selfleadership-on-employee-performance-through-intrinsic-motivation-13342.html\">Husnatarina &amp; Elia, 2022<\/a><\/li>\n<li><a href=\"https:\/\/journals.plos.org\/plosone\/article?id=10.1371\/journal.pone.0322184\">Ye et al., 2025<\/a><\/li>\n<\/ul>\n\n\t\t<\/div>\n\t<\/div>\n<\/div><\/div><\/div><\/div><\/div><div class=\"vc-row-container container parent--more-member-row\"><div class=\"vc_row wpb_row vc_row-fluid more-member-row vc_custom_1615150779316\"><div class=\"wpb_column vc_column_container vc_col-sm-6\"><div class=\"vc_column-inner\"><div class=\"wpb_wrapper\"><\/div><\/div><\/div><div class=\"wpb_column vc_column_container vc_col-sm-6\"><div class=\"vc_column-inner\"><div class=\"wpb_wrapper\"><\/div><\/div><\/div><\/div><\/div><div class=\"vc-row-container container\"><div class=\"vc_row wpb_row vc_row-fluid\"><div class=\"wpb_column vc_column_container vc_col-sm-12\"><div class=\"vc_column-inner\"><div class=\"wpb_wrapper\"><div class=\"vc_separator wpb_content_element vc_separator_align_center vc_sep_width_100 vc_sep_border_width_2 vc_sep_pos_align_center vc_separator_no_text vc_sep_color_grey\" ><span class=\"vc_sep_holder vc_sep_holder_l\"><span  class=\"vc_sep_line\"><\/span><\/span><span class=\"vc_sep_holder vc_sep_holder_r\"><span  class=\"vc_sep_line\"><\/span><\/span>\n<\/div><\/div><\/div><\/div><\/div><\/div>","protected":false},"excerpt":{"rendered":"\u1438 Zur\u00fcck Conscious Individuals Pers\u00f6nliche Entwicklung, die st\u00e4rkt. Wir begleiten Sie pers\u00f6nlich in allen Positionen. Sie suchen Unterst\u00fctzung bei Ihrer Entwicklung? Wir begleiten Sie durch individuell abgestimmte, systemische Beratung bei der Kl\u00e4rung ihres Themas und Erweiterung Ihrer Handlungsoptionen. Ob intensive Selbstreflexion oder Neuausrichtung \u2013 hier beginnt Ver\u00e4nderung bei Ihnen \u2013&hellip;","protected":false},"author":12,"featured_media":0,"parent":6434,"menu_order":0,"comment_status":"closed","ping_status":"closed","template":"","meta":{"_acf_changed":false,"footnotes":""},"class_list":["post-6441","page","type-page","status-publish","hentry"],"acf":[],"yoast_head":"<!-- This site is optimized with the Yoast SEO plugin v27.4 - https:\/\/yoast.com\/product\/yoast-seo-wordpress\/ -->\n<title>Pers\u00f6nliche Entwicklung, die st\u00e4rkt<\/title>\n<meta name=\"description\" content=\"Coaching Individual, systemische Beratung, Kl\u00e4rung des Themas, Erweiterung der Handlungsoptionen. Intensive Selbstreflexion, Neuausrichtung\" \/>\n<meta name=\"robots\" content=\"index, follow, max-snippet:-1, max-image-preview:large, max-video-preview:-1\" \/>\n<link rel=\"canonical\" href=\"https:\/\/co-matters.de\/en\/concept-lab\/conscious-individuals\/\" \/>\n<meta property=\"og:locale\" content=\"en_US\" \/>\n<meta property=\"og:type\" content=\"article\" \/>\n<meta property=\"og:title\" content=\"Pers\u00f6nliche Entwicklung, die st\u00e4rkt\" \/>\n<meta property=\"og:description\" content=\"Coaching Individual, systemische Beratung, Kl\u00e4rung des Themas, Erweiterung der Handlungsoptionen. Intensive Selbstreflexion, Neuausrichtung\" \/>\n<meta property=\"og:url\" content=\"https:\/\/co-matters.de\/en\/concept-lab\/conscious-individuals\/\" \/>\n<meta property=\"og:site_name\" content=\"Co-Matters\" \/>\n<meta property=\"article:modified_time\" content=\"2026-04-21T13:15:55+00:00\" \/>\n<meta name=\"twitter:card\" content=\"summary_large_image\" \/>\n<meta name=\"twitter:label1\" content=\"Est. reading time\" \/>\n\t<meta name=\"twitter:data1\" content=\"2 minutes\" \/>\n<script type=\"application\/ld+json\" class=\"yoast-schema-graph\">{\"@context\":\"https:\\\/\\\/schema.org\",\"@graph\":[{\"@type\":\"WebPage\",\"@id\":\"https:\\\/\\\/co-matters.de\\\/concept-lab\\\/conscious-individuals\\\/\",\"url\":\"https:\\\/\\\/co-matters.de\\\/concept-lab\\\/conscious-individuals\\\/\",\"name\":\"Pers\u00f6nliche Entwicklung, die st\u00e4rkt\",\"isPartOf\":{\"@id\":\"https:\\\/\\\/co-matters.de\\\/en\\\/#website\"},\"datePublished\":\"2026-04-21T11:20:23+00:00\",\"dateModified\":\"2026-04-21T13:15:55+00:00\",\"description\":\"Coaching Individual, systemische Beratung, Kl\u00e4rung des Themas, Erweiterung der Handlungsoptionen. Intensive Selbstreflexion, Neuausrichtung\",\"breadcrumb\":{\"@id\":\"https:\\\/\\\/co-matters.de\\\/concept-lab\\\/conscious-individuals\\\/#breadcrumb\"},\"inLanguage\":\"en-US\",\"potentialAction\":[{\"@type\":\"ReadAction\",\"target\":[\"https:\\\/\\\/co-matters.de\\\/concept-lab\\\/conscious-individuals\\\/\"]}]},{\"@type\":\"BreadcrumbList\",\"@id\":\"https:\\\/\\\/co-matters.de\\\/concept-lab\\\/conscious-individuals\\\/#breadcrumb\",\"itemListElement\":[{\"@type\":\"ListItem\",\"position\":1,\"name\":\"Startseite\",\"item\":\"https:\\\/\\\/co-matters.de\\\/\"},{\"@type\":\"ListItem\",\"position\":2,\"name\":\"Concept Lab\",\"item\":\"https:\\\/\\\/co-matters.de\\\/concept-lab\\\/\"},{\"@type\":\"ListItem\",\"position\":3,\"name\":\"Conscious Individuals\"}]},{\"@type\":\"WebSite\",\"@id\":\"https:\\\/\\\/co-matters.de\\\/en\\\/#website\",\"url\":\"https:\\\/\\\/co-matters.de\\\/en\\\/\",\"name\":\"Co-Matters\",\"description\":\"Beratung, Impulse, Entwicklung\",\"potentialAction\":[{\"@type\":\"SearchAction\",\"target\":{\"@type\":\"EntryPoint\",\"urlTemplate\":\"https:\\\/\\\/co-matters.de\\\/en\\\/?s={search_term_string}\"},\"query-input\":{\"@type\":\"PropertyValueSpecification\",\"valueRequired\":true,\"valueName\":\"search_term_string\"}}],\"inLanguage\":\"en-US\"}]}<\/script>\n<!-- \/ Yoast SEO plugin. -->","yoast_head_json":{"title":"Pers\u00f6nliche Entwicklung, die st\u00e4rkt","description":"Coaching Individual, systemische Beratung, Kl\u00e4rung des Themas, Erweiterung der Handlungsoptionen. Intensive Selbstreflexion, Neuausrichtung","robots":{"index":"index","follow":"follow","max-snippet":"max-snippet:-1","max-image-preview":"max-image-preview:large","max-video-preview":"max-video-preview:-1"},"canonical":"https:\/\/co-matters.de\/en\/concept-lab\/conscious-individuals\/","og_locale":"en_US","og_type":"article","og_title":"Pers\u00f6nliche Entwicklung, die st\u00e4rkt","og_description":"Coaching Individual, systemische Beratung, Kl\u00e4rung des Themas, Erweiterung der Handlungsoptionen. Intensive Selbstreflexion, Neuausrichtung","og_url":"https:\/\/co-matters.de\/en\/concept-lab\/conscious-individuals\/","og_site_name":"Co-Matters","article_modified_time":"2026-04-21T13:15:55+00:00","twitter_card":"summary_large_image","twitter_misc":{"Est. reading time":"2 minutes"},"schema":{"@context":"https:\/\/schema.org","@graph":[{"@type":"WebPage","@id":"https:\/\/co-matters.de\/concept-lab\/conscious-individuals\/","url":"https:\/\/co-matters.de\/concept-lab\/conscious-individuals\/","name":"Pers\u00f6nliche Entwicklung, die st\u00e4rkt","isPartOf":{"@id":"https:\/\/co-matters.de\/en\/#website"},"datePublished":"2026-04-21T11:20:23+00:00","dateModified":"2026-04-21T13:15:55+00:00","description":"Coaching Individual, systemische Beratung, Kl\u00e4rung des Themas, Erweiterung der Handlungsoptionen. Intensive Selbstreflexion, Neuausrichtung","breadcrumb":{"@id":"https:\/\/co-matters.de\/concept-lab\/conscious-individuals\/#breadcrumb"},"inLanguage":"en-US","potentialAction":[{"@type":"ReadAction","target":["https:\/\/co-matters.de\/concept-lab\/conscious-individuals\/"]}]},{"@type":"BreadcrumbList","@id":"https:\/\/co-matters.de\/concept-lab\/conscious-individuals\/#breadcrumb","itemListElement":[{"@type":"ListItem","position":1,"name":"Startseite","item":"https:\/\/co-matters.de\/"},{"@type":"ListItem","position":2,"name":"Concept Lab","item":"https:\/\/co-matters.de\/concept-lab\/"},{"@type":"ListItem","position":3,"name":"Conscious Individuals"}]},{"@type":"WebSite","@id":"https:\/\/co-matters.de\/en\/#website","url":"https:\/\/co-matters.de\/en\/","name":"Co-Matters","description":"Beratung, Impulse, Entwicklung","potentialAction":[{"@type":"SearchAction","target":{"@type":"EntryPoint","urlTemplate":"https:\/\/co-matters.de\/en\/?s={search_term_string}"},"query-input":{"@type":"PropertyValueSpecification","valueRequired":true,"valueName":"search_term_string"}}],"inLanguage":"en-US"}]}},"_links":{"self":[{"href":"https:\/\/co-matters.de\/en\/wp-json\/wp\/v2\/pages\/6441","targetHints":{"allow":["GET"]}}],"collection":[{"href":"https:\/\/co-matters.de\/en\/wp-json\/wp\/v2\/pages"}],"about":[{"href":"https:\/\/co-matters.de\/en\/wp-json\/wp\/v2\/types\/page"}],"author":[{"embeddable":true,"href":"https:\/\/co-matters.de\/en\/wp-json\/wp\/v2\/users\/12"}],"replies":[{"embeddable":true,"href":"https:\/\/co-matters.de\/en\/wp-json\/wp\/v2\/comments?post=6441"}],"version-history":[{"count":10,"href":"https:\/\/co-matters.de\/en\/wp-json\/wp\/v2\/pages\/6441\/revisions"}],"predecessor-version":[{"id":6493,"href":"https:\/\/co-matters.de\/en\/wp-json\/wp\/v2\/pages\/6441\/revisions\/6493"}],"up":[{"embeddable":true,"href":"https:\/\/co-matters.de\/en\/wp-json\/wp\/v2\/pages\/6434"}],"wp:attachment":[{"href":"https:\/\/co-matters.de\/en\/wp-json\/wp\/v2\/media?parent=6441"}],"curies":[{"name":"wp","href":"https:\/\/api.w.org\/{rel}","templated":true}]}}